{"id":17,"date":"2014-03-10T20:32:02","date_gmt":"2014-03-10T20:32:02","guid":{"rendered":"http:\/\/www.cssigniter.com\/preview\/santorini\/?page_id=17"},"modified":"2014-03-10T20:32:02","modified_gmt":"2014-03-10T20:32:02","slug":"contact","status":"publish","type":"page","link":"http:\/\/www.agoraoldcity.com\/?page_id=17","title":{"rendered":"CONTACT US"},"content":{"rendered":"<p>[et_pb_section fb_built=&#8221;1&#8243; _builder_version=&#8221;4.21.0&#8243; _module_preset=&#8221;default&#8221; global_colors_info=&#8221;{}&#8221;][et_pb_row _builder_version=&#8221;4.21.0&#8243; _module_preset=&#8221;default&#8221; global_colors_info=&#8221;{}&#8221;][et_pb_column type=&#8221;4_4&#8243; _builder_version=&#8221;4.21.0&#8243; _module_preset=&#8221;default&#8221; global_colors_info=&#8221;{}&#8221;][et_pb_text _builder_version=&#8221;4.21.0&#8243; _module_preset=&#8221;default&#8221; global_colors_info=&#8221;{}&#8221;]<\/p>\n<h1 style=\"text-align: center;\">Where We Are..!<\/h1>\n<p>[\/et_pb_text][\/et_pb_column][\/et_pb_row][et_pb_row column_structure=&#8221;2_5,3_5&#8243; _builder_version=&#8221;4.21.0&#8243; _module_preset=&#8221;default&#8221; global_colors_info=&#8221;{}&#8221;][et_pb_column type=&#8221;2_5&#8243; _builder_version=&#8221;4.21.0&#8243; _module_preset=&#8221;default&#8221; global_colors_info=&#8221;{}&#8221;][et_pb_text _builder_version=&#8221;4.17.4&#8243; _module_preset=&#8221;default&#8221; custom_padding=&#8221;||0px|||&#8221; hover_enabled=&#8221;0&#8243; global_colors_info=&#8221;{}&#8221; sticky_enabled=&#8221;0&#8243;]<\/p>\n<p class=\"has-text-align-center\"><strong>Phone\u00a0 \u00a0 \u00a0 \u00a0 : +90 212 518 85 36<\/strong><\/p>\n<p class=\"has-text-align-center\"><strong>Whatsapp : <a href=\"https:\/\/wa.me\/905551402957\" target=\"_blank\" rel=\"noopener\">+90 555 140 29 57<\/a> <\/strong><\/p>\n<p class=\"has-text-align-center\"><strong>E-mail: info@agoraoldcity.com<\/strong><\/p>\n<p class=\"has-text-align-center\"><strong>Address: Sultanahmet District,<\/strong><\/p>\n<p class=\"has-text-align-center\"><strong>Akb\u0131y\u0131k St. No:77, 34122 Fatih<\/strong><\/p>\n<p class=\"has-text-align-center\"><strong>\u0130stanbul\/T\u00fcrkiye<\/strong><\/p>\n<p>[\/et_pb_text][\/et_pb_column][et_pb_column type=&#8221;3_5&#8243; _builder_version=&#8221;4.21.0&#8243; _module_preset=&#8221;default&#8221; global_colors_info=&#8221;{}&#8221;][et_pb_text _builder_version=&#8221;4.21.0&#8243; _module_preset=&#8221;default&#8221; global_colors_info=&#8221;{}&#8221;]<iframe src=\"https:\/\/www.google.com\/maps\/embed?pb=!1m14!1m8!1m3!1d12043.914379876114!2d28.9791323!3d41.0038417!3m2!1i1024!2i768!4f13.1!3m3!1m2!1s0x14cab9f3b5f7a947%3A0xc171e9f40bed69a7!2sAgora%20Boutique%20Hotel!5e0!3m2!1sen!2str!4v1696488669705!5m2!1sen!2str\" width=\"600\" height=\"450\" style=\"border:0;\" allowfullscreen=\"\" loading=\"lazy\" referrerpolicy=\"no-referrer-when-downgrade\"><\/iframe>[\/et_pb_text][\/et_pb_column][\/et_pb_row][\/et_pb_section]<\/p>\n","protected":false},"excerpt":{"rendered":"<p>Where We Are..!Phone\u00a0 \u00a0 \u00a0 \u00a0 : +90 212 518 85 36 Whatsapp : +90 555 140 29 57 E-mail: info@agoraoldcity.com Address: Sultanahmet District, Akb\u0131y\u0131k St. No:77, 34122 Fatih \u0130stanbul\/T\u00fcrkiye<\/p>\n","protected":false},"author":1,"featured_media":0,"parent":0,"menu_order":0,"comment_status":"open","ping_status":"closed","template":"","meta":{"_et_pb_use_builder":"on","_et_pb_old_content":"","_et_gb_content_width":"","footnotes":""},"class_list":["post-17","page","type-page","status-publish","hentry"],"_links":{"self":[{"href":"http:\/\/www.agoraoldcity.com\/index.php?rest_route=\/wp\/v2\/pages\/17","targetHints":{"allow":["GET"]}}],"collection":[{"href":"http:\/\/www.agoraoldcity.com\/index.php?rest_route=\/wp\/v2\/pages"}],"about":[{"href":"http:\/\/www.agoraoldcity.com\/index.php?rest_route=\/wp\/v2\/types\/page"}],"author":[{"embeddable":true,"href":"http:\/\/www.agoraoldcity.com\/index.php?rest_route=\/wp\/v2\/users\/1"}],"replies":[{"embeddable":true,"href":"http:\/\/www.agoraoldcity.com\/index.php?rest_route=%2Fwp%2Fv2%2Fcomments&post=17"}],"version-history":[{"count":0,"href":"http:\/\/www.agoraoldcity.com\/index.php?rest_route=\/wp\/v2\/pages\/17\/revisions"}],"wp:attachment":[{"href":"http:\/\/www.agoraoldcity.com\/index.php?rest_route=%2Fwp%2Fv2%2Fmedia&parent=17"}],"curies":[{"name":"wp","href":"https:\/\/api.w.org\/{rel}","templated":true}]}}